{"id":14,"date":"2025-07-23T07:51:22","date_gmt":"2025-07-23T07:51:22","guid":{"rendered":"https:\/\/legeekariegeois.fr\/?page_id=14"},"modified":"2025-07-25T12:43:18","modified_gmt":"2025-07-25T12:43:18","slug":"informatique","status":"publish","type":"page","link":"https:\/\/legeekariegeois.fr\/index.php\/informatique\/","title":{"rendered":"Informatique"},"content":{"rendered":"\n<div class=\"wp-block-columns is-layout-flex wp-container-core-columns-is-layout-9d6595d7 wp-block-columns-is-layout-flex\">\n<div class=\"wp-block-column is-layout-flow wp-block-column-is-layout-flow\" style=\"flex-basis:66.66%\"><\/div>\n\n\n\n<div class=\"wp-block-column is-layout-flow wp-block-column-is-layout-flow\" style=\"flex-basis:33.33%\">\n<h2 class=\"wp-block-heading\">Je vous accompagne<\/h2>\n\n\n\n<p>L&rsquo;informatique \u00e9volue tr\u00e8s rapidement, c&rsquo;est pourquoi il est important d&rsquo;\u00eatre accompagn\u00e9 pour comprendre les changements et apprendre \u00e0 utiliser les nouvelles technologies efficacement<\/p>\n\n\n\n<p><\/p>\n<\/div>\n<\/div>\n\n\n\n<hr class=\"wp-block-separator has-text-color has-kubio-color-2-color has-alpha-channel-opacity has-kubio-color-2-background-color has-background is-style-default\"\/>\n\n\n\n<h3 class=\"wp-block-heading\">\ud83d\udee0\ufe0f <strong>Forfait R\u00e9paration Informatique<\/strong><\/h3>\n\n\n\n<p><strong>Labelis\u00e9 QualiR\u00e9par \u2013 b\u00e9n\u00e9ficiez d\u2019un remboursement !<\/strong><\/p>\n\n\n\n<h4 class=\"wp-block-heading\">\ud83d\udcb0 <strong>Tarifs :<\/strong><\/h4>\n\n\n\n<ul class=\"wp-block-list\">\n<li><strong>30 \u20ac \/ 30 minutes<\/strong> autour de Foix<\/li>\n\n\n\n<li><strong>50 \u20ac \/ 1 heure<\/strong> autour de Foix<\/li>\n<\/ul>\n\n\n\n<blockquote class=\"wp-block-quote is-layout-flow wp-block-quote-is-layout-flow\">\n<p>\u26a0\ufe0f <strong>N&rsquo;inclut pas l\u2019achat de pi\u00e8ces d\u00e9tach\u00e9es.<\/strong><\/p>\n\n\n\n<hr class=\"wp-block-separator has-text-color has-kubio-color-2-color has-alpha-channel-opacity has-kubio-color-2-background-color has-background is-style-default\"\/>\n<\/blockquote>\n\n\n\n<h3 class=\"wp-block-heading\">\ud83d\udd27 <strong>Ce que comprend le forfait :<\/strong><\/h3>\n\n\n\n<ul class=\"wp-block-list\">\n<li>Diagnostic et r\u00e9paration logicielle<\/li>\n\n\n\n<li>Suppression de virus \/ malwares<\/li>\n\n\n\n<li>Nettoyage, optimisation du syst\u00e8me<\/li>\n\n\n\n<li>R\u00e9installation de syst\u00e8me ou logiciels<\/li>\n\n\n\n<li>R\u00e9solution de bugs ou lenteurs<\/li>\n\n\n\n<li>Configuration imprimantes, r\u00e9seaux, etc.<\/li>\n<\/ul>\n\n\n\n<hr class=\"wp-block-separator has-text-color has-kubio-color-2-color has-alpha-channel-opacity has-kubio-color-2-background-color has-background is-style-default\"\/>\n\n\n\n<h3 class=\"wp-block-heading\">\ud83c\udff7\ufe0f <strong>Avec le label QualiR\u00e9par : payez moins cher !<\/strong><\/h3>\n\n\n\n<p>\ud83d\udca1 Gr\u00e2ce au <strong>bonus r\u00e9paration informatique<\/strong> du programme <strong>QualiR\u00e9par<\/strong>, vous pouvez b\u00e9n\u00e9ficier d\u2019un <strong>remboursement imm\u00e9diat<\/strong>, sans avance de frais.<\/p>\n\n\n\n<h4 class=\"wp-block-heading\">\ud83d\udcb5 <strong>Montant du remboursement :<\/strong><\/h4>\n\n\n\n<ul class=\"wp-block-list\">\n<li>Jusqu\u2019\u00e0 <strong>45 \u20ac pris en charge<\/strong> par l\u2019\u00c9tat*<\/li>\n\n\n\n<li>Valable <strong>une fois par appareil<\/strong> (ordinateur hors garantie)<\/li>\n<\/ul>\n\n\n\n<blockquote class=\"wp-block-quote is-layout-flow wp-block-quote-is-layout-flow\">\n<p>Exemple :<br>\u2705 R\u00e9paration 1h = 50 \u20ac<br>\u2796 Bonus QualiR\u00e9par = 45 \u20ac<br>\ud83d\udcb3 <strong>Reste \u00e0 charge : 5 \u20ac seulement<\/strong><\/p>\n<\/blockquote>\n\n\n\n<h3 class=\"wp-block-heading\">\u2705 <strong>Conditions d\u2019\u00e9ligibilit\u00e9 :<\/strong><\/h3>\n\n\n\n<ul class=\"wp-block-list\">\n<li>Ordinateur <strong>hors garantie constructeur<\/strong><\/li>\n\n\n\n<li><strong>Non pris en charge<\/strong> par une assurance ou une extension de garantie<\/li>\n\n\n\n<li>Appareil <strong>r\u00e9parable<\/strong> (diagnostic gratuit si non r\u00e9parable)<\/li>\n<\/ul>\n\n\n\n<h3 class=\"wp-block-heading\">\ud83d\udccd <strong>Intervention :<\/strong><\/h3>\n\n\n\n<ul class=\"wp-block-list\">\n<li>En atelier ou \u00e0 distance (selon le type de panne)<\/li>\n\n\n\n<li>Sur rendez-vous \u2013 rapide et efficace<\/li>\n<\/ul>\n\n\n\n<hr class=\"wp-block-separator has-text-color has-kubio-color-2-color has-alpha-channel-opacity has-kubio-color-2-background-color has-background is-style-default\"\/>\n\n\n\n<h3 class=\"wp-block-heading\">\ud83e\uddfe <strong>Pourquoi choisir ce forfait ?<\/strong><\/h3>\n\n\n\n<ul class=\"wp-block-list\">\n<li>\ud83d\udd12 Prix clair et sans surprise<\/li>\n\n\n\n<li>\ud83e\uddd1\u200d\ud83d\udd27 R\u00e9paration par un professionnel agr\u00e9\u00e9<\/li>\n\n\n\n<li>\ud83c\udf0d R\u00e9parez au lieu de jeter = geste \u00e9cologique<\/li>\n\n\n\n<li>\ud83d\udcb8 <strong>Profitez du bonus QualiR\u00e9par pour r\u00e9duire vos frais<\/strong><\/li>\n<\/ul>\n","protected":false},"excerpt":{"rendered":"<p>Je vous accompagne L&rsquo;informatique \u00e9volue tr\u00e8s rapidement, c&rsquo;est pourquoi il est important d&rsquo;\u00eatre accompagn\u00e9 pour comprendre les changements et apprendre \u00e0 utiliser les nouvelles technologies efficacement \ud83d\udee0\ufe0f Forfait R\u00e9paration Informatique Labelis\u00e9 QualiR\u00e9par \u2013 b\u00e9n\u00e9ficiez d\u2019un remboursement ! \ud83d\udcb0 Tarifs : \ud83d\udd27 Ce que comprend le forfait : \ud83c\udff7\ufe0f Avec le label QualiR\u00e9par : payez moins [&hellip;]<\/p>\n","protected":false},"author":1,"featured_media":0,"parent":0,"menu_order":0,"comment_status":"closed","ping_status":"closed","template":"","meta":{"saved_in_kubio":false,"footnotes":""},"class_list":["post-14","page","type-page","status-publish","hentry"],"kubio_ai_page_context":{"short_desc":"","purpose":"general"},"_links":{"self":[{"href":"https:\/\/legeekariegeois.fr\/index.php\/wp-json\/wp\/v2\/pages\/14","targetHints":{"allow":["GET"]}}],"collection":[{"href":"https:\/\/legeekariegeois.fr\/index.php\/wp-json\/wp\/v2\/pages"}],"about":[{"href":"https:\/\/legeekariegeois.fr\/index.php\/wp-json\/wp\/v2\/types\/page"}],"author":[{"embeddable":true,"href":"https:\/\/legeekariegeois.fr\/index.php\/wp-json\/wp\/v2\/users\/1"}],"replies":[{"embeddable":true,"href":"https:\/\/legeekariegeois.fr\/index.php\/wp-json\/wp\/v2\/comments?post=14"}],"version-history":[{"count":11,"href":"https:\/\/legeekariegeois.fr\/index.php\/wp-json\/wp\/v2\/pages\/14\/revisions"}],"predecessor-version":[{"id":167,"href":"https:\/\/legeekariegeois.fr\/index.php\/wp-json\/wp\/v2\/pages\/14\/revisions\/167"}],"wp:attachment":[{"href":"https:\/\/legeekariegeois.fr\/index.php\/wp-json\/wp\/v2\/media?parent=14"}],"curies":[{"name":"wp","href":"https:\/\/api.w.org\/{rel}","templated":true}]}}