{"id":15,"date":"2025-07-23T07:51:22","date_gmt":"2025-07-23T07:51:22","guid":{"rendered":"https:\/\/legeekariegeois.fr\/?page_id=15"},"modified":"2025-09-01T17:12:08","modified_gmt":"2025-09-01T17:12:08","slug":"impression-3d","status":"publish","type":"page","link":"https:\/\/legeekariegeois.fr\/index.php\/impression-3d\/","title":{"rendered":"Impression 3D"},"content":{"rendered":"\n<div class=\"wp-block-columns is-layout-flex wp-container-core-columns-is-layout-9d6595d7 wp-block-columns-is-layout-flex\">\n<div class=\"wp-block-column is-layout-flow wp-block-column-is-layout-flow\" style=\"flex-basis:66.66%\"><\/div>\n\n\n\n<div class=\"wp-block-column is-layout-flow wp-block-column-is-layout-flow\" style=\"flex-basis:33.33%\">\n<h2 class=\"wp-block-heading\">L&rsquo;impression 3D<\/h2>\n\n\n\n<p class=\"has-text-align-left\">L&rsquo;impression 3D est une technologie innovante qui permet de cr\u00e9er des objets r\u00e9els, couche par couche, \u00e0 partir de mod\u00e8les num\u00e9riques, ouvrant ainsi de nouvelles possibilit\u00e9s dans de nombreux domaines comme l&rsquo;\u00e9ducation, la sant\u00e9, l&rsquo;industrie ou le design.<\/p>\n<\/div>\n\n\n\n<div class=\"wp-block-column is-layout-flow wp-block-column-is-layout-flow\"><\/div>\n<\/div>\n\n\n\n<hr class=\"wp-block-separator has-text-color has-kubio-color-2-color has-alpha-channel-opacity has-kubio-color-2-background-color has-background\"\/>\n\n\n\n<h2 class=\"wp-block-heading\">Nos r\u00e9alisations :<\/h2>\n\n\n\n<div class=\"wp-block-columns is-layout-flex wp-container-core-columns-is-layout-9d6595d7 wp-block-columns-is-layout-flex\">\n<div class=\"wp-block-column is-layout-flow wp-block-column-is-layout-flow\">\n<figure class=\"wp-block-image size-large is-resized\"><img loading=\"lazy\" decoding=\"async\" width=\"577\" height=\"1024\" src=\"https:\/\/legeekariegeois.fr\/wp-content\/uploads\/2025\/07\/IMG-20250724-WA0000-577x1024.jpg\" alt=\"\" class=\"wp-image-150\" style=\"object-fit:cover;width:300px;height:500px\" srcset=\"https:\/\/legeekariegeois.fr\/wp-content\/uploads\/2025\/07\/IMG-20250724-WA0000-577x1024.jpg 577w, https:\/\/legeekariegeois.fr\/wp-content\/uploads\/2025\/07\/IMG-20250724-WA0000-169x300.jpg 169w, https:\/\/legeekariegeois.fr\/wp-content\/uploads\/2025\/07\/IMG-20250724-WA0000-768x1364.jpg 768w, https:\/\/legeekariegeois.fr\/wp-content\/uploads\/2025\/07\/IMG-20250724-WA0000-865x1536.jpg 865w, https:\/\/legeekariegeois.fr\/wp-content\/uploads\/2025\/07\/IMG-20250724-WA0000-608x1080.jpg 608w, https:\/\/legeekariegeois.fr\/wp-content\/uploads\/2025\/07\/IMG-20250724-WA0000.jpg 1153w\" sizes=\"(max-width: 577px) 100vw, 577px\" \/><\/figure>\n<\/div>\n\n\n\n<div class=\"wp-block-column is-layout-flow wp-block-column-is-layout-flow\"><\/div>\n\n\n\n<div class=\"wp-block-column is-layout-flow wp-block-column-is-layout-flow\"><\/div>\n<\/div>\n","protected":false},"excerpt":{"rendered":"<p>L&rsquo;impression 3D L&rsquo;impression 3D est une technologie innovante qui permet de cr\u00e9er des objets r\u00e9els, couche par couche, \u00e0 partir de mod\u00e8les num\u00e9riques, ouvrant ainsi de nouvelles possibilit\u00e9s dans de nombreux domaines comme l&rsquo;\u00e9ducation, la sant\u00e9, l&rsquo;industrie ou le design. Nos r\u00e9alisations :<\/p>\n","protected":false},"author":1,"featured_media":0,"parent":0,"menu_order":0,"comment_status":"closed","ping_status":"closed","template":"","meta":{"saved_in_kubio":true,"footnotes":""},"class_list":["post-15","page","type-page","status-publish","hentry"],"kubio_ai_page_context":{"short_desc":"","purpose":"general"},"_links":{"self":[{"href":"https:\/\/legeekariegeois.fr\/index.php\/wp-json\/wp\/v2\/pages\/15","targetHints":{"allow":["GET"]}}],"collection":[{"href":"https:\/\/legeekariegeois.fr\/index.php\/wp-json\/wp\/v2\/pages"}],"about":[{"href":"https:\/\/legeekariegeois.fr\/index.php\/wp-json\/wp\/v2\/types\/page"}],"author":[{"embeddable":true,"href":"https:\/\/legeekariegeois.fr\/index.php\/wp-json\/wp\/v2\/users\/1"}],"replies":[{"embeddable":true,"href":"https:\/\/legeekariegeois.fr\/index.php\/wp-json\/wp\/v2\/comments?post=15"}],"version-history":[{"count":8,"href":"https:\/\/legeekariegeois.fr\/index.php\/wp-json\/wp\/v2\/pages\/15\/revisions"}],"predecessor-version":[{"id":192,"href":"https:\/\/legeekariegeois.fr\/index.php\/wp-json\/wp\/v2\/pages\/15\/revisions\/192"}],"wp:attachment":[{"href":"https:\/\/legeekariegeois.fr\/index.php\/wp-json\/wp\/v2\/media?parent=15"}],"curies":[{"name":"wp","href":"https:\/\/api.w.org\/{rel}","templated":true}]}}