{"id":31,"date":"2025-07-23T08:15:28","date_gmt":"2025-07-23T08:15:28","guid":{"rendered":"https:\/\/legeekariegeois.fr\/?page_id=31"},"modified":"2025-07-25T12:56:52","modified_gmt":"2025-07-25T12:56:52","slug":"label-qualirepar","status":"publish","type":"page","link":"https:\/\/legeekariegeois.fr\/index.php\/label-qualirepar\/","title":{"rendered":"Label QUALIREPAR"},"content":{"rendered":"\n<div class=\"wp-block-columns is-layout-flex wp-container-core-columns-is-layout-9d6595d7 wp-block-columns-is-layout-flex\">\n<div class=\"wp-block-column is-layout-flow wp-block-column-is-layout-flow\">\n<figure class=\"wp-block-embed is-type-video is-provider-youtube wp-block-embed-youtube wp-embed-aspect-16-9 wp-has-aspect-ratio\"><div class=\"wp-block-embed__wrapper\">\n<iframe loading=\"lazy\" title=\"Label QualiR\u00e9par : paroles de labellis\u00e9s !\" width=\"500\" height=\"281\" src=\"https:\/\/www.youtube.com\/embed\/IvAzCn1s0c8?feature=oembed\" frameborder=\"0\" allow=\"accelerometer; autoplay; clipboard-write; encrypted-media; gyroscope; picture-in-picture; web-share\" referrerpolicy=\"strict-origin-when-cross-origin\" allowfullscreen><\/iframe>\n<\/div><\/figure>\n<\/div>\n<\/div>\n\n\n\n<p><a href=\"https:\/\/www.label-qualirepar.fr\/particulier\/bonusreparation.html?utm_campaign=qualireparmars2024&amp;utm_source=homepagelqr&amp;utm_medium=pop-up&amp;utm_content=cta-jesuisunparticulier#label\">Plus d&rsquo;info<\/a><\/p>\n\n\n\n<hr class=\"wp-block-separator has-text-color has-kubio-color-2-color has-alpha-channel-opacity has-kubio-color-2-background-color has-background\"\/>\n\n\n\n<h2 class=\"wp-block-heading\">Lab\u00e9lisation<\/h2>\n\n\n\n<p>Mon dossier est en cours de traitement depuis 1 mois, j&rsquo;esp\u00e8re une lab\u00e9lisation pour septembre.<\/p>\n\n\n\n<p><\/p>\n","protected":false},"excerpt":{"rendered":"<p>Plus d&rsquo;info Lab\u00e9lisation Mon dossier est en cours de traitement depuis 1 mois, j&rsquo;esp\u00e8re une lab\u00e9lisation pour septembre.<\/p>\n","protected":false},"author":1,"featured_media":0,"parent":0,"menu_order":0,"comment_status":"closed","ping_status":"closed","template":"","meta":{"saved_in_kubio":false,"footnotes":""},"class_list":["post-31","page","type-page","status-publish","hentry"],"kubio_ai_page_context":{"short_desc":"","purpose":"general"},"_links":{"self":[{"href":"https:\/\/legeekariegeois.fr\/index.php\/wp-json\/wp\/v2\/pages\/31","targetHints":{"allow":["GET"]}}],"collection":[{"href":"https:\/\/legeekariegeois.fr\/index.php\/wp-json\/wp\/v2\/pages"}],"about":[{"href":"https:\/\/legeekariegeois.fr\/index.php\/wp-json\/wp\/v2\/types\/page"}],"author":[{"embeddable":true,"href":"https:\/\/legeekariegeois.fr\/index.php\/wp-json\/wp\/v2\/users\/1"}],"replies":[{"embeddable":true,"href":"https:\/\/legeekariegeois.fr\/index.php\/wp-json\/wp\/v2\/comments?post=31"}],"version-history":[{"count":10,"href":"https:\/\/legeekariegeois.fr\/index.php\/wp-json\/wp\/v2\/pages\/31\/revisions"}],"predecessor-version":[{"id":178,"href":"https:\/\/legeekariegeois.fr\/index.php\/wp-json\/wp\/v2\/pages\/31\/revisions\/178"}],"wp:attachment":[{"href":"https:\/\/legeekariegeois.fr\/index.php\/wp-json\/wp\/v2\/media?parent=31"}],"curies":[{"name":"wp","href":"https:\/\/api.w.org\/{rel}","templated":true}]}}